{"id":51,"date":"2014-01-22T13:30:26","date_gmt":"2014-01-22T13:30:26","guid":{"rendered":"http:\/\/location-appartement-vacances-mer-golf.com\/?page_id=51"},"modified":"2018-05-03T15:14:07","modified_gmt":"2018-05-03T15:14:07","slug":"agenda","status":"publish","type":"page","link":"https:\/\/location-appartement-vacances-mer-golf.com\/?page_id=51","title":{"rendered":"R\u00e9servations et tarifs"},"content":{"rendered":"<h4><span style=\"font-size: small;\">Ci-dessous le calendrier des disponibilit\u00e9s de l&rsquo;appartement.<br \/>\nLes cases rouges ne sont pas disponibles, les oranges en attentes de confirmation de r\u00e9servation.<\/span><br \/>\n<span style=\"font-size: small;\"> Merci de cliquer sur les cases des jours que vous voulez r\u00e9server, puis remplissez le formulaire.<br \/>\n<span style=\"color: #008000;\">La location se fait du samedi 16h00 au samedi 10h00. Toutefois, merci de saisir uniquement des semaines compl\u00e8tes du samedi au vendredi pour votre r\u00e9servation.<\/span><br \/>\n<\/span><\/h4>\n<hr>\n<h5><span style=\"font-size: small;\">&nbsp;<a href=\"https:\/\/location-appartement-vacances-mer-golf.com\/wp-content\/uploads\/2014\/01\/gb.png\"><img loading=\"lazy\" decoding=\"async\" class=\"alignnone size-full wp-image-118\" src=\"https:\/\/location-appartement-vacances-mer-golf.com\/wp-content\/uploads\/2014\/01\/gb.png\" alt=\"gb\" width=\"24\" height=\"24\"><\/a> Below the availability calendar of the apartment. The red boxes are not available.<\/span><\/h5>\n <div id=\"form_id745010241019\" class=\"wpbc_container wpbc_form wpbc_container_booking_form \" ><form id=\"booking_form1\" class=\"booking_form vertical\" method=\"post\" action=\"\"><div id=\"ajax_respond_insert1\" class=\"ajax_respond_insert\" style=\"display:none;\"><\/div><a name=\"bklnk1\" id=\"bklnk1\"><\/a><div id=\"booking_form_div1\" class=\"booking_form_div\"><style type=\"text\/css\">.wpbc_container_booking_form .block_hints, .wpbc_booking_form_simple.wpbc_form_center .wpbc__form__div .wpbc__row.wpbc_r_calendar, .wpbc_booking_form_simple .wpbc__form__div .wpbc__row:not(.wpbc_r_calendar){max-width:440px;} <\/style>\n<div class=\"wpbc_booking_form_simple \">\n<div class=\"wpbc__form__div\">\n\t\t\t<div class=\"wpbc_r_calendar wpbc__row\">\n\t\t\t\t<div class=\"wpbc_r_calendar wpbc__field\"> <label><\/label><br><div class=\"wpbc_calendar_wraper wpbc_change_over_triangle wpbc_calendar_skin_legacy\"><div class=\"wpbc_cal_container bk_calendar_frame wpbc_no_custom_width  months_num_in_row_ cal_month_num_2 wpbc_timeslot_day_bg_as_available\" style=\"\"><div id=\"calendar_booking1\"  class=\"wpbc_calendar_id_1\" >\t<div class=\"calendar_loader_frame calendar_loader_frame1\"\r\n\t\tdata-wpbc-rid=\"1\"\r\n\t\tdata-wpbc-grace=\"8000\"\r\n\t\tstyle=\"--wpbc-loader-cols: 2;\"\r\n\t>\r\n\t\t<div class=\"calendar_loader_text\">Loading...<\/div>\r\n\t\t<div class=\"calendar_loader_frame__progress_line_container\">\r\n\t\t\t<div class=\"calendar_loader_frame__progress_line\"><\/div>\r\n\t\t<\/div>\r\n\t<\/div>\r\n\t<\/div><\/div><textarea id=\"date_booking1\" name=\"date_booking1\" autocomplete=\"off\" style=\"display:none;\"><\/textarea><\/div> <\/div>\n\t\t\t<\/div>\n\t\t\t<div class=\"wpbc__row\">\n\t\t\t\t<div class=\"wpbc_r_name wpbc__field\"> <label>Nom\/First Name*<\/label><br><span class=\"wpbc_wrap_text wpdev-form-control-wrap name1\"><input type=\"text\" name=\"name1\" value=\"\" autocomplete=\"name\" class=\"wpdev-validates-as-required\" size=\"40\" \/><\/span> <\/div>\n\t\t\t<\/div>\n\t\t\t<div class=\"wpbc__row\">\n\t\t\t\t<div class=\"wpbc_r_secondname wpbc__field\"> <label>Pr\u00e9nom\/Last name*<\/label><br><span class=\"wpbc_wrap_text wpdev-form-control-wrap secondname1\"><input type=\"text\" name=\"secondname1\" value=\"\" autocomplete=\"secondname\" class=\"wpdev-validates-as-required\" size=\"40\" \/><\/span> <\/div>\n\t\t\t<\/div>\n\t\t\t<div class=\"wpbc__row\">\n\t\t\t\t<div class=\"wpbc_r_email wpbc__field\"> <label>Email*<\/label><br><span class=\"wpbc_wrap_text wpdev-form-control-wrap email1\"><input type=\"email\" name=\"email1\" value=\"\" autocomplete=\"email\" class=\"wpdev-validates-as-email wpdev-validates-as-required\" size=\"40\" \/><\/span> <\/div>\n\t\t\t<\/div>\n\t\t\t<div class=\"wpbc__row\">\n\t\t\t\t<div class=\"wpbc_r_phone wpbc__field\"> <label>T\u00e9l\u00e9phone\/Phone<\/label><br><span class=\"wpbc_wrap_text wpdev-form-control-wrap phone1\"><input type=\"text\" name=\"phone1\" value=\"\" autocomplete=\"phone\" size=\"40\" \/><\/span> <\/div>\n\t\t\t<\/div>\n\t\t\t<div class=\"wpbc__row\">\n\t\t\t\t<div class=\"wpbc_r_details wpbc__field\"> <label>Commentaires\/Details<\/label><br><span class=\"wpbc_wrap_textarea wpdev-form-control-wrap details1\"><textarea name=\"details1\" autocomplete=\"details\"><\/textarea><\/span> <\/div>\n\t\t\t<\/div>\n\t\t\t<div class=\"wpbc__row\">\n\t\t\t\t<div class=\"wpbc_r_captcha wpbc__field\"> <label><\/label><br><span class=\"wpbc_text_captcha_container wpdev-form-control-wrap \"><input  autocomplete=\"off\" type=\"hidden\" name=\"wpdev_captcha_challenge_1\"  id=\"wpdev_captcha_challenge_1\" value=\"3631692885\" \/><input  autocomplete=\"off\" type=\"text\" class=\"captachinput\" value=\"\" name=\"captcha_input1\" id=\"captcha_input1\" \/><img decoding=\"async\" class=\"captcha_img\"  id=\"captcha_img1\" alt=\"To show CAPTCHA, please deactivate cache plugin or exclude this page from caching or disable CAPTCHA at WP Booking Calendar - Settings General page in Form Options section.\" src=\"https:\/\/location-appartement-vacances-mer-golf.com\/wp-content\/plugins\/booking\/js\/captcha\/tmp\/3631692885.png\" \/><\/span> <\/div>\n\t\t\t<\/div>\n\t\t\t<div class=\"wpbc__row\">\n\t\t\t\t<div class=\"wpbc_r_submit wpbc__field\"><input type=\"button\" value=\"Envoyer\" class=\"wpbc_button_light  btn btn\" onclick=\"wpbc_booking_form_submit(this.form,1, 'fr_FR');\" \/> <\/div>\n\t\t\t<\/div>\n<\/div>\n<\/div><input id=\"bk_type1\" name=\"bk_type1\" class=\"\" type=\"hidden\" value=\"1\" \/><\/div><div id=\"submiting1\"><\/div><div class=\"form_bk_messages\" id=\"form_bk_messages1\" ><\/div><input type=\"hidden\" id=\"wpbc_nonceCALCULATE_THE_COST1\" name=\"wpbc_nonceCALCULATE_THE_COST1\" value=\"55a35c1028\" \/><input type=\"hidden\" name=\"_wp_http_referer\" value=\"\/index.php?rest_route=%2Fwp%2Fv2%2Fpages%2F51\" \/><\/form><\/div><div id=\"booking_form_garbage1\" class=\"booking_form_garbage\"><\/div> \n<table border=\"0\">\n<tbody>\n<tr style=\"background-color: #d1d1d1;\">\n<td><strong><span style=\"color: #ffffff;\">P\u00e9riodes ann\u00e9e 2017<\/span><\/strong><\/td>\n<td style=\"text-align: center;\"><strong><span style=\"color: #ffffff;\">\u20ac<\/span><\/strong><\/td>\n<\/tr>\n<tr style=\"background-color: #f5f5f5;\">\n<td>&nbsp;<\/td>\n<td style=\"text-align: center;\">&nbsp;<\/td>\n<\/tr>\n<tr style=\"background-color: #f5f5f5;\">\n<td><strong><span style=\"font-size: x-small;\">01 &nbsp;avril au 02 mai<\/span><\/strong><\/td>\n<td style=\"text-align: center;\"><span style=\"font-size: small;\"><strong>390<\/strong><\/span><\/td>\n<\/tr>\n<tr style=\"background-color: #f5f5f5;\">\n<td><strong><span style=\"font-size: x-small;\">&nbsp;Week-end 3 jours mai et juin<\/span><\/strong><\/td>\n<td style=\"text-align: center;\"><span style=\"font-size: small;\"><strong>170&nbsp;<\/strong><\/span><\/td>\n<\/tr>\n<tr style=\"background-color: #f5f5f5;\">\n<td><strong><span style=\"font-size: x-small;\">&nbsp;<\/span><\/strong><\/td>\n<td style=\"text-align: center;\"><span style=\"font-size: small;\"><strong>&nbsp;<\/strong><\/span><\/td>\n<\/tr>\n<tr style=\"background-color: #f5f5f5;\">\n<td><strong><span style=\"font-size: x-small;\">26 juin au&nbsp; 01 juillet<br \/>\n<\/span><\/strong><\/td>\n<td style=\"text-align: center;\"><span style=\"font-size: small;\"><strong>480<\/strong><\/span><\/td>\n<\/tr>\n<tr style=\"background-color: #f5f5f5;\">\n<td><strong><span style=\"font-size: x-small;\">01 &nbsp;juillet au 08 &nbsp;juillet<br \/>\n<\/span><\/strong><\/td>\n<td style=\"text-align: center;\"><span style=\"font-size: small;\"><span style=\"line-height: 16.7143px;\"><b>500<\/b><\/span><\/span><\/td>\n<\/tr>\n<tr style=\"background-color: #f5f5f5;\">\n<td><strong><span style=\"font-size: x-small;\">08 juillet au 15 juillet<br \/>\n<\/span><\/strong><\/td>\n<td style=\"text-align: center;\"><span style=\"font-size: small;\"><strong>560<\/strong><\/span><\/td>\n<\/tr>\n<tr style=\"background-color: #f5f5f5;\">\n<td><strong><span style=\"font-size: x-small;\">15 juillet au 22 juillet<br \/>\n<\/span><\/strong><\/td>\n<td style=\"text-align: center;\"><span style=\"font-size: small;\"><b>750<\/b><\/span><\/td>\n<\/tr>\n<tr style=\"background-color: #f5f5f5;\">\n<td><strong><span style=\"font-size: x-small;\">22 juillet au 29 juillet<br \/>\n<\/span><\/strong><\/td>\n<td style=\"text-align: center;\"><span style=\"font-size: small;\"><b>810<\/b><\/span><\/td>\n<\/tr>\n<tr style=\"background-color: #f5f5f5;\">\n<td><strong><span style=\"font-size: x-small;\">29 juillet au 19 ao\u00fbt<br \/>\n<\/span><\/strong><\/td>\n<td style=\"text-align: center;\"><span style=\"font-size: small;\"><strong>810<\/strong><\/span><\/td>\n<\/tr>\n<tr style=\"background-color: #f5f5f5;\">\n<td><strong><span style=\"font-size: x-small;\">19 ao\u00fbt au 26 ao\u00fbt<br \/>\n<\/span><\/strong><\/td>\n<td style=\"text-align: center;\"><span style=\"font-size: small;\"><strong>680<\/strong><\/span><\/td>\n<\/tr>\n<tr style=\"background-color: #f5f5f5;\">\n<td><strong><span style=\"font-size: x-small;\">26 ao\u00fbt au 02 septembre<br \/>\n<\/span><\/strong><\/td>\n<td style=\"text-align: center;\"><span style=\"font-size: small;\"><strong>560<\/strong><\/span><\/td>\n<\/tr>\n<tr style=\"background-color: #f5f5f5;\">\n<td>&nbsp;<\/td>\n<td style=\"text-align: center;\">&nbsp;<\/td>\n<\/tr>\n<\/tbody>\n<\/table>\n","protected":false},"excerpt":{"rendered":"<p>Ci-dessous le calendrier des disponibilit\u00e9s de l&rsquo;appartement. Les cases rouges ne sont pas disponibles, les oranges en attentes de confirmation de r\u00e9servation. Merci de cliquer sur les cases des jours que vous voulez r\u00e9server, puis remplissez le formulaire. La location se fait du samedi 16h00 au samedi 10h00. Toutefois, merci de saisir uniquement des semaines &hellip; <a href=\"https:\/\/location-appartement-vacances-mer-golf.com\/?page_id=51\" class=\"more-link\">Continuer la lecture de <span class=\"screen-reader-text\">R\u00e9servations et tarifs<\/span>  <span class=\"meta-nav\">&rarr;<\/span><\/a><\/p>\n","protected":false},"author":1,"featured_media":0,"parent":0,"menu_order":10,"comment_status":"closed","ping_status":"closed","template":"","meta":{"_monsterinsights_skip_tracking":false,"_monsterinsights_sitenote_active":false,"_monsterinsights_sitenote_note":"","_monsterinsights_sitenote_category":0,"ngg_post_thumbnail":0,"footnotes":""},"class_list":["post-51","page","type-page","status-publish","hentry"],"_links":{"self":[{"href":"https:\/\/location-appartement-vacances-mer-golf.com\/index.php?rest_route=\/wp\/v2\/pages\/51","targetHints":{"allow":["GET"]}}],"collection":[{"href":"https:\/\/location-appartement-vacances-mer-golf.com\/index.php?rest_route=\/wp\/v2\/pages"}],"about":[{"href":"https:\/\/location-appartement-vacances-mer-golf.com\/index.php?rest_route=\/wp\/v2\/types\/page"}],"author":[{"embeddable":true,"href":"https:\/\/location-appartement-vacances-mer-golf.com\/index.php?rest_route=\/wp\/v2\/users\/1"}],"replies":[{"embeddable":true,"href":"https:\/\/location-appartement-vacances-mer-golf.com\/index.php?rest_route=%2Fwp%2Fv2%2Fcomments&post=51"}],"version-history":[{"count":40,"href":"https:\/\/location-appartement-vacances-mer-golf.com\/index.php?rest_route=\/wp\/v2\/pages\/51\/revisions"}],"predecessor-version":[{"id":494,"href":"https:\/\/location-appartement-vacances-mer-golf.com\/index.php?rest_route=\/wp\/v2\/pages\/51\/revisions\/494"}],"wp:attachment":[{"href":"https:\/\/location-appartement-vacances-mer-golf.com\/index.php?rest_route=%2Fwp%2Fv2%2Fmedia&parent=51"}],"curies":[{"name":"wp","href":"https:\/\/api.w.org\/{rel}","templated":true}]}}