{"id":40,"date":"2014-01-22T13:19:39","date_gmt":"2014-01-22T13:19:39","guid":{"rendered":"http:\/\/location-appartement-vacances-mer-golf.com\/?page_id=40"},"modified":"2014-04-10T15:05:12","modified_gmt":"2014-04-10T15:05:12","slug":"contrat-type","status":"publish","type":"page","link":"https:\/\/location-appartement-vacances-mer-golf.com\/?page_id=40","title":{"rendered":"Contrat"},"content":{"rendered":"<ul>\n<li>Merci de t\u00e9l\u00e9charger le contrat type et de nous le retourner dument rempli accompagn\u00e9 des pi\u00e8ces demand\u00e9es.<\/li>\n<li><span id=\"result_box\" lang=\"en\"><span class=\"hps\">Thank you<\/span> <span class=\"hps\">download the<\/span> <span class=\"hps\">standard contract<\/span> <span class=\"hps\">and<\/span> <span class=\"hps\">return it<\/span> <span class=\"hps\">duly completed<\/span> <span class=\"hps\">together with the<\/span> <span class=\"hps\">required documents<\/span><span>.<\/span><\/span><\/li>\n<\/ul>\n<table border=\"0\" frame=\"void\" align=\"center\">\n<tbody>\n<tr align=\"center\">\n<td style=\"text-align: center;\"><a href=\"https:\/\/location-appartement-vacances-mer-golf.com\/wp-content\/uploads\/2014\/02\/Contrat-type_FR.doc\" target=\"_blank\"><img loading=\"lazy\" decoding=\"async\" alt=\"Word\" src=\"https:\/\/location-appartement-vacances-mer-golf.com\/wp-content\/uploads\/2014\/01\/Word1.png\" width=\"32\" height=\"32\" \/><\/a><\/td>\n<td style=\"text-align: center;\"><a href=\"https:\/\/location-appartement-vacances-mer-golf.com\/wp-content\/uploads\/2014\/02\/Contrat-type_FR.pdf\" target=\"_blank\"><img loading=\"lazy\" decoding=\"async\" alt=\"pdf\" src=\"https:\/\/location-appartement-vacances-mer-golf.com\/wp-content\/uploads\/2014\/01\/pdf.png\" width=\"32\" height=\"32\" \/><\/a><\/td>\n<\/tr>\n<\/tbody>\n<\/table>\n","protected":false},"excerpt":{"rendered":"<p>Merci de t\u00e9l\u00e9charger le contrat type et de nous le retourner dument rempli accompagn\u00e9 des pi\u00e8ces demand\u00e9es. Thank you download the standard contract and return it duly completed together with the required documents.<\/p>\n","protected":false},"author":1,"featured_media":0,"parent":0,"menu_order":11,"comment_status":"closed","ping_status":"closed","template":"","meta":{"_monsterinsights_skip_tracking":false,"_monsterinsights_sitenote_active":false,"_monsterinsights_sitenote_note":"","_monsterinsights_sitenote_category":0,"ngg_post_thumbnail":0,"footnotes":""},"class_list":["post-40","page","type-page","status-publish","hentry"],"_links":{"self":[{"href":"https:\/\/location-appartement-vacances-mer-golf.com\/index.php?rest_route=\/wp\/v2\/pages\/40","targetHints":{"allow":["GET"]}}],"collection":[{"href":"https:\/\/location-appartement-vacances-mer-golf.com\/index.php?rest_route=\/wp\/v2\/pages"}],"about":[{"href":"https:\/\/location-appartement-vacances-mer-golf.com\/index.php?rest_route=\/wp\/v2\/types\/page"}],"author":[{"embeddable":true,"href":"https:\/\/location-appartement-vacances-mer-golf.com\/index.php?rest_route=\/wp\/v2\/users\/1"}],"replies":[{"embeddable":true,"href":"https:\/\/location-appartement-vacances-mer-golf.com\/index.php?rest_route=%2Fwp%2Fv2%2Fcomments&post=40"}],"version-history":[{"count":17,"href":"https:\/\/location-appartement-vacances-mer-golf.com\/index.php?rest_route=\/wp\/v2\/pages\/40\/revisions"}],"predecessor-version":[{"id":359,"href":"https:\/\/location-appartement-vacances-mer-golf.com\/index.php?rest_route=\/wp\/v2\/pages\/40\/revisions\/359"}],"wp:attachment":[{"href":"https:\/\/location-appartement-vacances-mer-golf.com\/index.php?rest_route=%2Fwp%2Fv2%2Fmedia&parent=40"}],"curies":[{"name":"wp","href":"https:\/\/api.w.org\/{rel}","templated":true}]}}