{"id":327,"date":"2014-04-10T13:59:58","date_gmt":"2014-04-10T13:59:58","guid":{"rendered":"http:\/\/location-appartement-vacances-mer-golf.com\/?page_id=327"},"modified":"2017-02-25T16:10:50","modified_gmt":"2017-02-25T16:10:50","slug":"espace-aquatique-2","status":"publish","type":"page","link":"https:\/\/location-appartement-vacances-mer-golf.com\/?page_id=327","title":{"rendered":"espace aquatique"},"content":{"rendered":"<p><strong>Les conditions d&rsquo;acc\u00e8s \u00e0 la piscine du club et le tarif sont \u00e0 demander \u00e0 Pierre &amp; Vacances<\/strong><\/p>\n<p>Trois bassins adultes et un bassin enfants avec jeux aquatiques et 3 toboggans :<br \/>\n&#8211; Deux bassins ext\u00e9rieurs circulaires et ouverts de d\u00e9but juillet \u00e0 fin ao\u00fbt.<br \/>\n&#8211; Un troisi\u00e8me bassin adulte avec bassin enfants et jeux aquatiques (toboggans, fontaines) surveill\u00e9s, ouverts et chauff\u00e9s de d\u00e9but avril \u00e0 mi-septembre.<\/p>\n<p><a href=\"https:\/\/location-appartement-vacances-mer-golf.com\/wp-content\/uploads\/2014\/04\/images-1.jpg\"><img loading=\"lazy\" decoding=\"async\" class=\"alignnone size-full wp-image-328\" src=\"https:\/\/location-appartement-vacances-mer-golf.com\/wp-content\/uploads\/2014\/04\/images-1.jpg\" alt=\"images (1)\" width=\"276\" height=\"183\" \/><\/a><\/p>\n<p>Autour de la piscine, mise \u00e0 disposition de transats et parasols, selon disponibilit\u00e9.<br \/>\nL&rsquo;acc\u00e8s \u00e0 la piscine du club est\u00a0\u00e0 r\u00e9gler \u00e0 Pierre &amp; Vacances<\/p>\n<p><a href=\"https:\/\/location-appartement-vacances-mer-golf.com\/wp-content\/uploads\/2014\/04\/images-4.jpg\"><img loading=\"lazy\" decoding=\"async\" class=\"alignnone size-full wp-image-331\" src=\"https:\/\/location-appartement-vacances-mer-golf.com\/wp-content\/uploads\/2014\/04\/images-4.jpg\" alt=\"images (4)\" width=\"259\" height=\"194\" \/><\/a><\/p>\n<p>Un bassin enfants avec jeux aquatiques (14 m &#8211; circulaire &#8211; 0,60 m de profondeur), surveill\u00e9, ouvert et chauff\u00e9 de d\u00e9but avril \u00e0 mi-septembre.<\/p>\n<p><a href=\"https:\/\/location-appartement-vacances-mer-golf.com\/wp-content\/uploads\/2014\/04\/images-6.jpg\"><img loading=\"lazy\" decoding=\"async\" class=\"alignnone size-full wp-image-346\" src=\"https:\/\/location-appartement-vacances-mer-golf.com\/wp-content\/uploads\/2014\/04\/images-6.jpg\" alt=\"images (6)\" width=\"275\" height=\"183\" \/><\/a><\/p>\n","protected":false},"excerpt":{"rendered":"<p>Les conditions d&rsquo;acc\u00e8s \u00e0 la piscine du club et le tarif sont \u00e0 demander \u00e0 Pierre &amp; Vacances Trois bassins adultes et un bassin enfants avec jeux aquatiques et 3 toboggans : &#8211; Deux bassins ext\u00e9rieurs circulaires et ouverts de d\u00e9but juillet \u00e0 fin ao\u00fbt. &#8211; Un troisi\u00e8me bassin adulte avec bassin enfants et jeux &hellip; <a href=\"https:\/\/location-appartement-vacances-mer-golf.com\/?page_id=327\" class=\"more-link\">Continuer la lecture de <span class=\"screen-reader-text\">espace aquatique<\/span>  <span class=\"meta-nav\">&rarr;<\/span><\/a><\/p>\n","protected":false},"author":2,"featured_media":0,"parent":0,"menu_order":4,"comment_status":"closed","ping_status":"closed","template":"","meta":{"_monsterinsights_skip_tracking":false,"_monsterinsights_sitenote_active":false,"_monsterinsights_sitenote_note":"","_monsterinsights_sitenote_category":0,"ngg_post_thumbnail":0,"footnotes":""},"class_list":["post-327","page","type-page","status-publish","hentry"],"_links":{"self":[{"href":"https:\/\/location-appartement-vacances-mer-golf.com\/index.php?rest_route=\/wp\/v2\/pages\/327","targetHints":{"allow":["GET"]}}],"collection":[{"href":"https:\/\/location-appartement-vacances-mer-golf.com\/index.php?rest_route=\/wp\/v2\/pages"}],"about":[{"href":"https:\/\/location-appartement-vacances-mer-golf.com\/index.php?rest_route=\/wp\/v2\/types\/page"}],"author":[{"embeddable":true,"href":"https:\/\/location-appartement-vacances-mer-golf.com\/index.php?rest_route=\/wp\/v2\/users\/2"}],"replies":[{"embeddable":true,"href":"https:\/\/location-appartement-vacances-mer-golf.com\/index.php?rest_route=%2Fwp%2Fv2%2Fcomments&post=327"}],"version-history":[{"count":10,"href":"https:\/\/location-appartement-vacances-mer-golf.com\/index.php?rest_route=\/wp\/v2\/pages\/327\/revisions"}],"predecessor-version":[{"id":483,"href":"https:\/\/location-appartement-vacances-mer-golf.com\/index.php?rest_route=\/wp\/v2\/pages\/327\/revisions\/483"}],"wp:attachment":[{"href":"https:\/\/location-appartement-vacances-mer-golf.com\/index.php?rest_route=%2Fwp%2Fv2%2Fmedia&parent=327"}],"curies":[{"name":"wp","href":"https:\/\/api.w.org\/{rel}","templated":true}]}}