{"id":277,"date":"2014-02-18T17:10:18","date_gmt":"2014-02-18T17:10:18","guid":{"rendered":"http:\/\/location-appartement-vacances-mer-golf.com\/?page_id=277"},"modified":"2014-02-19T09:51:46","modified_gmt":"2014-02-19T09:51:46","slug":"la-marina","status":"publish","type":"page","link":"https:\/\/location-appartement-vacances-mer-golf.com\/?page_id=277","title":{"rendered":"La Marina"},"content":{"rendered":"<p>La marina se situe dans la localit\u00e9 de Port Bourgenay. Tous ceux qui y amarrent pourront jouir des services de base comme eau, electricit\u00e9 et station service. Ses utilisateurs pourront b\u00e9n\u00e9ficier de ses compl\u00e8tes gammes de services. Il s\u2019agit d\u2019une marina avec grande capacit\u00e9 pour embarcations de grande taille. En accord avec les exigences pour le respect de l\u2019environnement<\/p>\n<ul>\n<li><a href=\"http:\/\/portbourgenay.webcam-mer.com\/\" target=\"_blank\">Webcam du Port<\/a><\/li>\n<\/ul>\n<p><a href=\"https:\/\/location-appartement-vacances-mer-golf.com\/wp-content\/uploads\/2014\/02\/imagesHKS0W8GP.jpg\"><img loading=\"lazy\" decoding=\"async\" class=\"alignnone size-full wp-image-280\" alt=\"imagesHKS0W8GP\" src=\"https:\/\/location-appartement-vacances-mer-golf.com\/wp-content\/uploads\/2014\/02\/imagesHKS0W8GP.jpg\" width=\"275\" height=\"183\" \/><\/a><\/p>\n<p>Entour\u00e9 par l\u2019Oc\u00e9an Atlantique et baign\u00e9 de soleil, le Pays Talmondais vous ouvre ses portes dans le Sud de la Vend\u00e9e et vous propose la location de bateaux avec ou sans permis, et des scooters des mers.<\/p>\n<p><a href=\"https:\/\/location-appartement-vacances-mer-golf.com\/wp-content\/uploads\/2014\/02\/imagesD61ROX25.jpg\"><img loading=\"lazy\" decoding=\"async\" class=\"alignnone size-full wp-image-285\" alt=\"imagesD61ROX25\" src=\"https:\/\/location-appartement-vacances-mer-golf.com\/wp-content\/uploads\/2014\/02\/imagesD61ROX25.jpg\" width=\"275\" height=\"183\" \/><\/a><\/p>\n<p>Les diff\u00e9rentes activit\u00e9s sportives qui s\u2019organisent dans le cadre des installations de la marina sont \u00e0 dispositions des vacanciers.<\/p>\n<p><a href=\"https:\/\/location-appartement-vacances-mer-golf.com\/wp-content\/uploads\/2014\/02\/imagesWY0OT9N2.jpg\"><img loading=\"lazy\" decoding=\"async\" src=\"https:\/\/location-appartement-vacances-mer-golf.com\/wp-content\/uploads\/2014\/02\/imagesWY0OT9N2-300x123.jpg\" alt=\"imagesWY0OT9N2\" width=\"300\" height=\"123\" class=\"alignnone size-medium wp-image-301\" srcset=\"https:\/\/location-appartement-vacances-mer-golf.com\/wp-content\/uploads\/2014\/02\/imagesWY0OT9N2-300x123.jpg 300w, https:\/\/location-appartement-vacances-mer-golf.com\/wp-content\/uploads\/2014\/02\/imagesWY0OT9N2.jpg 350w\" sizes=\"auto, (max-width: 300px) 100vw, 300px\" \/><\/a><\/p>\n<p>Spot du Veillon<\/p>\n","protected":false},"excerpt":{"rendered":"<p>La marina se situe dans la localit\u00e9 de Port Bourgenay. Tous ceux qui y amarrent pourront jouir des services de base comme eau, electricit\u00e9 et station service. Ses utilisateurs pourront b\u00e9n\u00e9ficier de ses compl\u00e8tes gammes de services. Il s\u2019agit d\u2019une marina avec grande capacit\u00e9 pour embarcations de grande taille. En accord avec les exigences pour &hellip; <a href=\"https:\/\/location-appartement-vacances-mer-golf.com\/?page_id=277\" class=\"more-link\">Continuer la lecture de <span class=\"screen-reader-text\">La Marina<\/span>  <span class=\"meta-nav\">&rarr;<\/span><\/a><\/p>\n","protected":false},"author":2,"featured_media":0,"parent":0,"menu_order":5,"comment_status":"closed","ping_status":"closed","template":"","meta":{"_monsterinsights_skip_tracking":false,"_monsterinsights_sitenote_active":false,"_monsterinsights_sitenote_note":"","_monsterinsights_sitenote_category":0,"ngg_post_thumbnail":0,"footnotes":""},"class_list":["post-277","page","type-page","status-publish","hentry"],"_links":{"self":[{"href":"https:\/\/location-appartement-vacances-mer-golf.com\/index.php?rest_route=\/wp\/v2\/pages\/277","targetHints":{"allow":["GET"]}}],"collection":[{"href":"https:\/\/location-appartement-vacances-mer-golf.com\/index.php?rest_route=\/wp\/v2\/pages"}],"about":[{"href":"https:\/\/location-appartement-vacances-mer-golf.com\/index.php?rest_route=\/wp\/v2\/types\/page"}],"author":[{"embeddable":true,"href":"https:\/\/location-appartement-vacances-mer-golf.com\/index.php?rest_route=\/wp\/v2\/users\/2"}],"replies":[{"embeddable":true,"href":"https:\/\/location-appartement-vacances-mer-golf.com\/index.php?rest_route=%2Fwp%2Fv2%2Fcomments&post=277"}],"version-history":[{"count":11,"href":"https:\/\/location-appartement-vacances-mer-golf.com\/index.php?rest_route=\/wp\/v2\/pages\/277\/revisions"}],"predecessor-version":[{"id":306,"href":"https:\/\/location-appartement-vacances-mer-golf.com\/index.php?rest_route=\/wp\/v2\/pages\/277\/revisions\/306"}],"wp:attachment":[{"href":"https:\/\/location-appartement-vacances-mer-golf.com\/index.php?rest_route=%2Fwp%2Fv2%2Fmedia&parent=277"}],"curies":[{"name":"wp","href":"https:\/\/api.w.org\/{rel}","templated":true}]}}