{"id":26,"date":"2014-01-22T12:36:46","date_gmt":"2014-01-22T12:36:46","guid":{"rendered":"http:\/\/location-appartement-vacances-mer-golf.com\/?page_id=26"},"modified":"2014-02-13T14:07:12","modified_gmt":"2014-02-13T14:07:12","slug":"comment-sy-rendre","status":"publish","type":"page","link":"https:\/\/location-appartement-vacances-mer-golf.com\/?page_id=26","title":{"rendered":"Comment s&rsquo;y rendre"},"content":{"rendered":"<h3>Acc\u00e8s route<\/h3>\n<ul>\n<li><span style=\"font-size: small;\">Nantes (113 km)<\/span><\/li>\n<li><span style=\"font-size: small;\">De Paris (470 km) : autoroute A11 Paris-Nantes, puis A87 direction La Roche sur Yon &#8211; Les Sables d&rsquo;Olonne. Sortie Talmont-St-Hilaire. \u00c0 Talmont prendre la direction Port-Bourgenay.<\/span><\/li>\n<\/ul>\n<p><iframe loading=\"lazy\" style=\"border: 0;\" src=\"https:\/\/www.google.com\/maps\/embed?pb=!1m16!1m12!1m3!1d704604.8533778955!2d-1.4397538507340426!3d46.3820307495443!2m3!1f0!2f0!3f0!3m2!1i1024!2i768!4f13.1!2m1!1sport+bourgenay!5e0!3m2!1sfr!2sfr!4v1392284210341\" height=\"450\" width=\"600\" frameborder=\"0\"><\/iframe><\/p>\n<h3>Acc\u00e8s train<\/h3>\n<ul>\n<li><span style=\"font-size: small;\">GARE SNCF TGV DES SABLES-D&rsquo;OLONNE (9 km)<\/span><\/li>\n<\/ul>\n<h3>Acc\u00e8s avion<\/h3>\n<ul>\n<li><span style=\"font-size: small;\">A\u00c9ROPORT DE NANTES (105 km)<\/span><\/li>\n<li><span style=\"font-size: small;\">A\u00c9ROPORT DE LA ROCHELLE (97 km)<\/span><\/li>\n<\/ul>\n<p>&nbsp;<\/p>\n","protected":false},"excerpt":{"rendered":"<p>Acc\u00e8s route Nantes (113 km) De Paris (470 km) : autoroute A11 Paris-Nantes, puis A87 direction La Roche sur Yon &#8211; Les Sables d&rsquo;Olonne. Sortie Talmont-St-Hilaire. \u00c0 Talmont prendre la direction Port-Bourgenay. Acc\u00e8s train GARE SNCF TGV DES SABLES-D&rsquo;OLONNE (9 km) Acc\u00e8s avion A\u00c9ROPORT DE NANTES (105 km) A\u00c9ROPORT DE LA ROCHELLE (97 km) &nbsp;<\/p>\n","protected":false},"author":1,"featured_media":0,"parent":0,"menu_order":9,"comment_status":"closed","ping_status":"closed","template":"","meta":{"_monsterinsights_skip_tracking":false,"_monsterinsights_sitenote_active":false,"_monsterinsights_sitenote_note":"","_monsterinsights_sitenote_category":0,"ngg_post_thumbnail":0,"footnotes":""},"class_list":["post-26","page","type-page","status-publish","hentry"],"_links":{"self":[{"href":"https:\/\/location-appartement-vacances-mer-golf.com\/index.php?rest_route=\/wp\/v2\/pages\/26","targetHints":{"allow":["GET"]}}],"collection":[{"href":"https:\/\/location-appartement-vacances-mer-golf.com\/index.php?rest_route=\/wp\/v2\/pages"}],"about":[{"href":"https:\/\/location-appartement-vacances-mer-golf.com\/index.php?rest_route=\/wp\/v2\/types\/page"}],"author":[{"embeddable":true,"href":"https:\/\/location-appartement-vacances-mer-golf.com\/index.php?rest_route=\/wp\/v2\/users\/1"}],"replies":[{"embeddable":true,"href":"https:\/\/location-appartement-vacances-mer-golf.com\/index.php?rest_route=%2Fwp%2Fv2%2Fcomments&post=26"}],"version-history":[{"count":8,"href":"https:\/\/location-appartement-vacances-mer-golf.com\/index.php?rest_route=\/wp\/v2\/pages\/26\/revisions"}],"predecessor-version":[{"id":135,"href":"https:\/\/location-appartement-vacances-mer-golf.com\/index.php?rest_route=\/wp\/v2\/pages\/26\/revisions\/135"}],"wp:attachment":[{"href":"https:\/\/location-appartement-vacances-mer-golf.com\/index.php?rest_route=%2Fwp%2Fv2%2Fmedia&parent=26"}],"curies":[{"name":"wp","href":"https:\/\/api.w.org\/{rel}","templated":true}]}}