{"id":245,"date":"2014-02-17T13:02:46","date_gmt":"2014-02-17T13:02:46","guid":{"rendered":"http:\/\/location-appartement-vacances-mer-golf.com\/?page_id=245"},"modified":"2017-04-20T15:35:53","modified_gmt":"2017-04-20T15:35:53","slug":"vilage-club","status":"publish","type":"page","link":"https:\/\/location-appartement-vacances-mer-golf.com\/?page_id=245","title":{"rendered":"Village Club"},"content":{"rendered":"<p>Faites le plein de souvenirs de vacances gr\u00e2ce aux nombreuses activit\u00e9s et animations \u00e0 la carte propos\u00e9es au cours de votre s\u00e9jour au village club<\/p>\n<p><a href=\"https:\/\/location-appartement-vacances-mer-golf.com\/wp-content\/uploads\/2014\/02\/imagesR0WASPOD.jpg\"><img loading=\"lazy\" decoding=\"async\" class=\"alignnone size-full wp-image-294\" src=\"https:\/\/location-appartement-vacances-mer-golf.com\/wp-content\/uploads\/2014\/02\/imagesR0WASPOD.jpg\" alt=\"imagesR0WASPOD\" width=\"268\" height=\"188\"><\/a><\/p>\n<p>&#8211; Espace aquatique avec jeux et toboggans et 2 piscines chauff\u00e9es.<br \/>\n&#8211; Golf 18 trous Par et un pitch &amp; putt 18 trous.<br \/>\n&#8211; Soir\u00e9es et spectacles<br \/>\n&#8211; March\u00e9s nocturnes <\/p>\n<p>&#8211; Des stages pour s&rsquo;initier ou se perfectionner au tennis.<\/p>\n<p><a href=\"https:\/\/location-appartement-vacances-mer-golf.com\/wp-content\/uploads\/2014\/02\/imagesCT8QMH9S.jpg\"><img loading=\"lazy\" decoding=\"async\" class=\"alignnone size-full wp-image-293\" src=\"https:\/\/location-appartement-vacances-mer-golf.com\/wp-content\/uploads\/2014\/02\/imagesCT8QMH9S.jpg\" alt=\"imagesCT8QMH9S\" width=\"184\" height=\"138\"><\/a><\/p>\n<p>&#8211; De nombreuses activit\u00e9s nautiques sur le lac ou la plage du Veillon.<\/p>\n<p><a href=\"https:\/\/location-appartement-vacances-mer-golf.com\/wp-content\/uploads\/2014\/02\/images6P4VXUGA.jpg\"><img loading=\"lazy\" decoding=\"async\" class=\"alignnone size-medium wp-image-299\" src=\"https:\/\/location-appartement-vacances-mer-golf.com\/wp-content\/uploads\/2014\/02\/images6P4VXUGA-300x123.jpg\" alt=\"images6P4VXUGA\" width=\"300\" height=\"123\" srcset=\"https:\/\/location-appartement-vacances-mer-golf.com\/wp-content\/uploads\/2014\/02\/images6P4VXUGA-300x123.jpg 300w, https:\/\/location-appartement-vacances-mer-golf.com\/wp-content\/uploads\/2014\/02\/images6P4VXUGA.jpg 350w\" sizes=\"auto, (max-width: 300px) 100vw, 300px\" \/><\/a><\/p>\n","protected":false},"excerpt":{"rendered":"<p>Faites le plein de souvenirs de vacances gr\u00e2ce aux nombreuses activit\u00e9s et animations \u00e0 la carte propos\u00e9es au cours de votre s\u00e9jour au village club &#8211; Espace aquatique avec jeux et toboggans et 2 piscines chauff\u00e9es. &#8211; Golf 18 trous Par et un pitch &amp; putt 18 trous. &#8211; Soir\u00e9es et spectacles &#8211; March\u00e9s nocturnes &hellip; <a href=\"https:\/\/location-appartement-vacances-mer-golf.com\/?page_id=245\" class=\"more-link\">Continuer la lecture de <span class=\"screen-reader-text\">Village Club<\/span>  <span class=\"meta-nav\">&rarr;<\/span><\/a><\/p>\n","protected":false},"author":2,"featured_media":0,"parent":0,"menu_order":1,"comment_status":"closed","ping_status":"closed","template":"","meta":{"_monsterinsights_skip_tracking":false,"_monsterinsights_sitenote_active":false,"_monsterinsights_sitenote_note":"","_monsterinsights_sitenote_category":0,"ngg_post_thumbnail":0,"footnotes":""},"class_list":["post-245","page","type-page","status-publish","hentry"],"_links":{"self":[{"href":"https:\/\/location-appartement-vacances-mer-golf.com\/index.php?rest_route=\/wp\/v2\/pages\/245","targetHints":{"allow":["GET"]}}],"collection":[{"href":"https:\/\/location-appartement-vacances-mer-golf.com\/index.php?rest_route=\/wp\/v2\/pages"}],"about":[{"href":"https:\/\/location-appartement-vacances-mer-golf.com\/index.php?rest_route=\/wp\/v2\/types\/page"}],"author":[{"embeddable":true,"href":"https:\/\/location-appartement-vacances-mer-golf.com\/index.php?rest_route=\/wp\/v2\/users\/2"}],"replies":[{"embeddable":true,"href":"https:\/\/location-appartement-vacances-mer-golf.com\/index.php?rest_route=%2Fwp%2Fv2%2Fcomments&post=245"}],"version-history":[{"count":19,"href":"https:\/\/location-appartement-vacances-mer-golf.com\/index.php?rest_route=\/wp\/v2\/pages\/245\/revisions"}],"predecessor-version":[{"id":490,"href":"https:\/\/location-appartement-vacances-mer-golf.com\/index.php?rest_route=\/wp\/v2\/pages\/245\/revisions\/490"}],"wp:attachment":[{"href":"https:\/\/location-appartement-vacances-mer-golf.com\/index.php?rest_route=%2Fwp%2Fv2%2Fmedia&parent=245"}],"curies":[{"name":"wp","href":"https:\/\/api.w.org\/{rel}","templated":true}]}}