{"id":19,"date":"2014-01-22T12:38:47","date_gmt":"2014-01-22T12:38:47","guid":{"rendered":"http:\/\/location-appartement-vacances-mer-golf.com\/?page_id=19"},"modified":"2017-06-13T13:04:34","modified_gmt":"2017-06-13T13:04:34","slug":"lappartement-2","status":"publish","type":"page","link":"https:\/\/location-appartement-vacances-mer-golf.com\/","title":{"rendered":"L&rsquo;appartement"},"content":{"rendered":"<address><a href=\"https:\/\/location-appartement-vacances-mer-golf.com\/wp-content\/uploads\/2014\/01\/gb.png\"><img loading=\"lazy\" decoding=\"async\" class=\"alignnone size-full wp-image-118\" src=\"https:\/\/location-appartement-vacances-mer-golf.com\/wp-content\/uploads\/2014\/01\/gb.png\" alt=\"gb\" width=\"24\" height=\"24\"><\/a><a title=\"The apartment\" href=\"https:\/\/location-appartement-vacances-mer-golf.com\/?page_id=124\">English Version here<\/a><\/address>\n<address>Particulier loue appartement \u00e0 PORT BOURGENAY<\/address>\n<address>T3 (35m\u00b2)&nbsp; avec vue sur mer et sur le golf, dans une r\u00e9sidence Pierre &amp; Vacances.<\/address>\n<address><span style=\"text-decoration: underline;\">SITUATION<\/span><br \/>\nCe village pi\u00e9tonnier entour\u00e9 d\u2019une f\u00f4ret de pins se situe \u00e0 9 kms des Sables d&rsquo;Olonne, 1Km500 de la plage du Veillon (accessible par le chemin c\u00f4tier en bordure de mer) et 20m du port de plaisance (balades en mer, location bateaux).<\/address>\n<address><span style=\"text-decoration: underline;\">DESCRIPTIF APPARTEMENT<\/span><br \/>\nLa pi\u00e8ce principale est constitu\u00e9e d&rsquo;un coin cuisine tout \u00e9quip\u00e9 (four, micro-ondes, lave-vaisselle, grand r\u00e9frig\u00e9rateur avec cong\u00e9lateur,&#8230;) et d\u2019un s\u00e9jour avec 2 banquettes lits simples dont 1 avec lit gigogne, TV \u00e9cran plat.<br \/>\nUne chambre avec lit 2 places 160*200 et grand rangement.<br \/>\nUne cabine avec&nbsp; lits superpos\u00e9s.<br \/>\nLa salle de bains et les toilettes sont s\u00e9par\u00e9es.<br \/>\nUne&nbsp; grande terrasse de 9m\u00b2 situ\u00e9e Sud Ouest donnant directement sur le golf, la marina et la mer, est \u00e9quip\u00e9e de mobilier de jardin et d\u2019un parasol.<\/address>\n<address><span style=\"text-decoration: underline;\">LE SITE PIERRE &amp; VACANCES<\/span><br \/>\nPlusieurs parkings sont \u00e0 proximit\u00e9 de l\u2019appartement.<br \/>\nDes activit\u00e9s diverses vous sont propos\u00e9es par Pierre et Vacances selon la saison : espace aquatique ouvert de Avril \u00e0 Septembre, 2 parcours de golf, tennis, club enfants, p\u00e9tanque, terrains multisports, tir \u00e0 l&rsquo; arc, location de v\u00e9los, aquagym, ping-pong, mini-golf, jeux pour enfants, petite ferme, animations journ\u00e9es et soir\u00e9es \u2026 <strong>Pour les conditions d&rsquo;acc\u00e8s et les tarifs aux activit\u00e9s et \u00e0 l&rsquo;espace aquatique voir avec Pierre et Vacances.<\/strong><br \/>\nSur le site vous trouverez, \u00e9picerie, boulangerie, cr\u00eaperie, restaurants, laverie&#8230;<\/address>\n<address><span style=\"text-decoration: underline;\">A NOTER<\/span><br \/>\nLe m\u00e9nage n&rsquo;est pas compris mais possibilit\u00e9 de le demander<br \/>\nLes draps, les housses d&rsquo;oreiller ainsi que les housses de couette ne sont pas fournis.<br \/>\n<strong>L&rsquo;acc\u00e9der de la piscine du club est&nbsp;\u00e0 demander et&nbsp;\u00e0 r\u00e9gler chez Pierre &amp; Vacances<\/strong><br \/>\nNotez \u00e9galement que les taxes de s\u00e9jours ne sont pas comprises et s&rsquo;\u00e9l\u00e8vent \u00e0 1\u20ac\/personne\/nuit.<div id='gallery-1' class='gallery galleryid-19 gallery-columns-4 gallery-size-thumbnail'><figure class='gallery-item'>\n\t\t\t<div class='gallery-icon landscape'>\n\t\t\t\t<a href='https:\/\/location-appartement-vacances-mer-golf.com\/wp-content\/uploads\/2015\/02\/IMG_3666-e1424445885774.jpg'><img loading=\"lazy\" decoding=\"async\" width=\"150\" height=\"150\" src=\"https:\/\/location-appartement-vacances-mer-golf.com\/wp-content\/uploads\/2015\/02\/IMG_3666-e1424445885774-150x150.jpg\" class=\"attachment-thumbnail size-thumbnail\" alt=\"\" srcset=\"https:\/\/location-appartement-vacances-mer-golf.com\/wp-content\/uploads\/2015\/02\/IMG_3666-e1424445885774-150x150.jpg 150w, https:\/\/location-appartement-vacances-mer-golf.com\/wp-content\/uploads\/2015\/02\/IMG_3666-e1424445885774-300x300.jpg 300w, https:\/\/location-appartement-vacances-mer-golf.com\/wp-content\/uploads\/2015\/02\/IMG_3666-e1424445885774-1024x1024.jpg 1024w\" sizes=\"auto, (max-width: 150px) 100vw, 150px\" \/><\/a>\n\t\t\t<\/div><\/figure><figure class='gallery-item'>\n\t\t\t<div class='gallery-icon landscape'>\n\t\t\t\t<a href='https:\/\/location-appartement-vacances-mer-golf.com\/wp-content\/uploads\/2015\/02\/IMG_3697.jpg'><img loading=\"lazy\" decoding=\"async\" width=\"150\" height=\"150\" src=\"https:\/\/location-appartement-vacances-mer-golf.com\/wp-content\/uploads\/2015\/02\/IMG_3697-150x150.jpg\" class=\"attachment-thumbnail size-thumbnail\" alt=\"\" \/><\/a>\n\t\t\t<\/div><\/figure><figure class='gallery-item'>\n\t\t\t<div class='gallery-icon landscape'>\n\t\t\t\t<a href='https:\/\/location-appartement-vacances-mer-golf.com\/wp-content\/uploads\/2015\/02\/IMG_36581.jpg'><img loading=\"lazy\" decoding=\"async\" width=\"150\" height=\"150\" src=\"https:\/\/location-appartement-vacances-mer-golf.com\/wp-content\/uploads\/2015\/02\/IMG_36581-150x150.jpg\" class=\"attachment-thumbnail size-thumbnail\" alt=\"\" \/><\/a>\n\t\t\t<\/div><\/figure><figure class='gallery-item'>\n\t\t\t<div class='gallery-icon landscape'>\n\t\t\t\t<a href='https:\/\/location-appartement-vacances-mer-golf.com\/wp-content\/uploads\/2015\/02\/IMG_3698.jpg'><img loading=\"lazy\" decoding=\"async\" width=\"150\" height=\"150\" src=\"https:\/\/location-appartement-vacances-mer-golf.com\/wp-content\/uploads\/2015\/02\/IMG_3698-150x150.jpg\" class=\"attachment-thumbnail size-thumbnail\" alt=\"\" \/><\/a>\n\t\t\t<\/div><\/figure><figure class='gallery-item'>\n\t\t\t<div class='gallery-icon portrait'>\n\t\t\t\t<a href='https:\/\/location-appartement-vacances-mer-golf.com\/wp-content\/uploads\/2014\/01\/IMG_2133.jpg'><img loading=\"lazy\" decoding=\"async\" width=\"150\" height=\"150\" src=\"https:\/\/location-appartement-vacances-mer-golf.com\/wp-content\/uploads\/2014\/01\/IMG_2133-150x150.jpg\" class=\"attachment-thumbnail size-thumbnail\" alt=\"\" aria-describedby=\"gallery-1-24\" \/><\/a>\n\t\t\t<\/div>\n\t\t\t\t<figcaption class='wp-caption-text gallery-caption' id='gallery-1-24'>\n\t\t\t\tChambre parentale\n\t\t\t\t<\/figcaption><\/figure><figure class='gallery-item'>\n\t\t\t<div class='gallery-icon portrait'>\n\t\t\t\t<a href='https:\/\/location-appartement-vacances-mer-golf.com\/wp-content\/uploads\/2014\/01\/IMG_2127.jpg'><img loading=\"lazy\" decoding=\"async\" width=\"150\" height=\"150\" src=\"https:\/\/location-appartement-vacances-mer-golf.com\/wp-content\/uploads\/2014\/01\/IMG_2127-150x150.jpg\" class=\"attachment-thumbnail size-thumbnail\" alt=\"\" aria-describedby=\"gallery-1-20\" \/><\/a>\n\t\t\t<\/div>\n\t\t\t\t<figcaption class='wp-caption-text gallery-caption' id='gallery-1-20'>\n\t\t\t\tSDB\n\t\t\t\t<\/figcaption><\/figure><figure class='gallery-item'>\n\t\t\t<div class='gallery-icon portrait'>\n\t\t\t\t<a href='https:\/\/location-appartement-vacances-mer-golf.com\/wp-content\/uploads\/2014\/01\/IMG_2126.jpg'><img loading=\"lazy\" decoding=\"async\" width=\"150\" height=\"150\" src=\"https:\/\/location-appartement-vacances-mer-golf.com\/wp-content\/uploads\/2014\/01\/IMG_2126-150x150.jpg\" class=\"attachment-thumbnail size-thumbnail\" alt=\"\" aria-describedby=\"gallery-1-18\" \/><\/a>\n\t\t\t<\/div>\n\t\t\t\t<figcaption class='wp-caption-text gallery-caption' id='gallery-1-18'>\n\t\t\t\tChambre avec lits superpos\u00e9s\n\t\t\t\t<\/figcaption><\/figure><figure class='gallery-item'>\n\t\t\t<div class='gallery-icon portrait'>\n\t\t\t\t<a href='https:\/\/location-appartement-vacances-mer-golf.com\/wp-content\/uploads\/2014\/01\/IMG_0332.jpg'><img loading=\"lazy\" decoding=\"async\" width=\"150\" height=\"150\" src=\"https:\/\/location-appartement-vacances-mer-golf.com\/wp-content\/uploads\/2014\/01\/IMG_0332-150x150.jpg\" class=\"attachment-thumbnail size-thumbnail\" alt=\"\" aria-describedby=\"gallery-1-16\" \/><\/a>\n\t\t\t<\/div>\n\t\t\t\t<figcaption class='wp-caption-text gallery-caption' id='gallery-1-16'>\n\t\t\t\tVus ext\u00e9rieure\n\t\t\t\t<\/figcaption><\/figure><figure class='gallery-item'>\n\t\t\t<div class='gallery-icon landscape'>\n\t\t\t\t<a href='https:\/\/location-appartement-vacances-mer-golf.com\/wp-content\/uploads\/2014\/01\/DSCN2800.jpg'><img loading=\"lazy\" decoding=\"async\" width=\"150\" height=\"150\" src=\"https:\/\/location-appartement-vacances-mer-golf.com\/wp-content\/uploads\/2014\/01\/DSCN2800-150x150.jpg\" class=\"attachment-thumbnail size-thumbnail\" alt=\"\" aria-describedby=\"gallery-1-15\" \/><\/a>\n\t\t\t<\/div>\n\t\t\t\t<figcaption class='wp-caption-text gallery-caption' id='gallery-1-15'>\n\t\t\t\tVue sur la jet\u00e9e\n\t\t\t\t<\/figcaption><\/figure><figure class='gallery-item'>\n\t\t\t<div class='gallery-icon portrait'>\n\t\t\t\t<a href='https:\/\/location-appartement-vacances-mer-golf.com\/wp-content\/uploads\/2015\/02\/IMG_3560-e1424445922385.jpg'><img loading=\"lazy\" decoding=\"async\" width=\"150\" height=\"150\" src=\"https:\/\/location-appartement-vacances-mer-golf.com\/wp-content\/uploads\/2015\/02\/IMG_3560-e1424445922385-150x150.jpg\" class=\"attachment-thumbnail size-thumbnail\" alt=\"\" \/><\/a>\n\t\t\t<\/div><\/figure><figure class='gallery-item'>\n\t\t\t<div class='gallery-icon landscape'>\n\t\t\t\t<a href='https:\/\/location-appartement-vacances-mer-golf.com\/wp-content\/uploads\/2014\/01\/DSCN2798.jpg'><img loading=\"lazy\" decoding=\"async\" width=\"150\" height=\"150\" src=\"https:\/\/location-appartement-vacances-mer-golf.com\/wp-content\/uploads\/2014\/01\/DSCN2798-150x150.jpg\" class=\"attachment-thumbnail size-thumbnail\" alt=\"\" aria-describedby=\"gallery-1-14\" \/><\/a>\n\t\t\t<\/div>\n\t\t\t\t<figcaption class='wp-caption-text gallery-caption' id='gallery-1-14'>\n\t\t\t\tVue depuis la terrasse\n\t\t\t\t<\/figcaption><\/figure><figure class='gallery-item'>\n\t\t\t<div class='gallery-icon landscape'>\n\t\t\t\t<a href='https:\/\/location-appartement-vacances-mer-golf.com\/wp-content\/uploads\/2014\/01\/DSCN2789.jpg'><img loading=\"lazy\" decoding=\"async\" width=\"150\" height=\"150\" src=\"https:\/\/location-appartement-vacances-mer-golf.com\/wp-content\/uploads\/2014\/01\/DSCN2789-150x150.jpg\" class=\"attachment-thumbnail size-thumbnail\" alt=\"\" aria-describedby=\"gallery-1-13\" \/><\/a>\n\t\t\t<\/div>\n\t\t\t\t<figcaption class='wp-caption-text gallery-caption' id='gallery-1-13'>\n\t\t\t\tParking du Port\n\t\t\t\t<\/figcaption><\/figure><figure class='gallery-item'>\n\t\t\t<div class='gallery-icon landscape'>\n\t\t\t\t<a href='https:\/\/location-appartement-vacances-mer-golf.com\/wp-content\/uploads\/2014\/01\/DSCN2740.jpg'><img loading=\"lazy\" decoding=\"async\" width=\"150\" height=\"150\" src=\"https:\/\/location-appartement-vacances-mer-golf.com\/wp-content\/uploads\/2014\/01\/DSCN2740-150x150.jpg\" class=\"attachment-thumbnail size-thumbnail\" alt=\"\" aria-describedby=\"gallery-1-12\" \/><\/a>\n\t\t\t<\/div>\n\t\t\t\t<figcaption class='wp-caption-text gallery-caption' id='gallery-1-12'>\n\t\t\t\tLe golf\n\t\t\t\t<\/figcaption><\/figure><figure class='gallery-item'>\n\t\t\t<div class='gallery-icon landscape'>\n\t\t\t\t<a href='https:\/\/location-appartement-vacances-mer-golf.com\/wp-content\/uploads\/2014\/01\/autres-monuments-marrakech-maroc-1108853352-11290212.jpg'><img loading=\"lazy\" decoding=\"async\" width=\"150\" height=\"150\" src=\"https:\/\/location-appartement-vacances-mer-golf.com\/wp-content\/uploads\/2014\/01\/autres-monuments-marrakech-maroc-1108853352-11290212-150x150.jpg\" class=\"attachment-thumbnail size-thumbnail\" alt=\"\" aria-describedby=\"gallery-1-10\" \/><\/a>\n\t\t\t<\/div>\n\t\t\t\t<figcaption class='wp-caption-text gallery-caption' id='gallery-1-10'>\n\t\t\t\tComplexe Pierre &#038; Vacances\n\t\t\t\t<\/figcaption><\/figure><figure class='gallery-item'>\n\t\t\t<div class='gallery-icon landscape'>\n\t\t\t\t<a href='https:\/\/location-appartement-vacances-mer-golf.com\/wp-content\/uploads\/2014\/01\/aquatique-central-toboggans.jpg'><img loading=\"lazy\" decoding=\"async\" width=\"150\" height=\"150\" src=\"https:\/\/location-appartement-vacances-mer-golf.com\/wp-content\/uploads\/2014\/01\/aquatique-central-toboggans-150x150.jpg\" class=\"attachment-thumbnail size-thumbnail\" alt=\"\" aria-describedby=\"gallery-1-9\" \/><\/a>\n\t\t\t<\/div>\n\t\t\t\t<figcaption class='wp-caption-text gallery-caption' id='gallery-1-9'>\n\t\t\t\tTobogans\n\t\t\t\t<\/figcaption><\/figure><figure class='gallery-item'>\n\t\t\t<div class='gallery-icon landscape'>\n\t\t\t\t<a href='https:\/\/location-appartement-vacances-mer-golf.com\/wp-content\/uploads\/2014\/01\/38329086.jpg'><img loading=\"lazy\" decoding=\"async\" width=\"150\" height=\"150\" src=\"https:\/\/location-appartement-vacances-mer-golf.com\/wp-content\/uploads\/2014\/01\/38329086-150x150.jpg\" class=\"attachment-thumbnail size-thumbnail\" alt=\"\" aria-describedby=\"gallery-1-6\" \/><\/a>\n\t\t\t<\/div>\n\t\t\t\t<figcaption class='wp-caption-text gallery-caption' id='gallery-1-6'>\n\t\t\t\tPlage du Veillon\n\t\t\t\t<\/figcaption><\/figure><figure class='gallery-item'>\n\t\t\t<div class='gallery-icon landscape'>\n\t\t\t\t<a href='https:\/\/location-appartement-vacances-mer-golf.com\/wp-content\/uploads\/2014\/01\/mer.jpg'><img loading=\"lazy\" decoding=\"async\" width=\"150\" height=\"150\" src=\"https:\/\/location-appartement-vacances-mer-golf.com\/wp-content\/uploads\/2014\/01\/mer-150x150.jpg\" class=\"attachment-thumbnail size-thumbnail\" alt=\"\" \/><\/a>\n\t\t\t<\/div><\/figure><figure class='gallery-item'>\n\t\t\t<div class='gallery-icon landscape'>\n\t\t\t\t<a href='https:\/\/location-appartement-vacances-mer-golf.com\/wp-content\/uploads\/2014\/01\/veillon.jpg'><img loading=\"lazy\" decoding=\"async\" width=\"150\" height=\"150\" src=\"https:\/\/location-appartement-vacances-mer-golf.com\/wp-content\/uploads\/2014\/01\/veillon-150x150.jpg\" class=\"attachment-thumbnail size-thumbnail\" alt=\"\" aria-describedby=\"gallery-1-31\" \/><\/a>\n\t\t\t<\/div>\n\t\t\t\t<figcaption class='wp-caption-text gallery-caption' id='gallery-1-31'>\n\t\t\t\tPlage du Veillon\n\t\t\t\t<\/figcaption><\/figure>\n\t\t<\/div>\n<\/p>\n<\/address>\n","protected":false},"excerpt":{"rendered":"<p>English Version here Particulier loue appartement \u00e0 PORT BOURGENAY T3 (35m\u00b2)&nbsp; avec vue sur mer et sur le golf, dans une r\u00e9sidence Pierre &amp; Vacances. SITUATION Ce village pi\u00e9tonnier entour\u00e9 d\u2019une f\u00f4ret de pins se situe \u00e0 9 kms des Sables d&rsquo;Olonne, 1Km500 de la plage du Veillon (accessible par le chemin c\u00f4tier en bordure &hellip; <a href=\"https:\/\/location-appartement-vacances-mer-golf.com\/\" class=\"more-link\">Continuer la lecture de <span class=\"screen-reader-text\">L&rsquo;appartement<\/span>  <span class=\"meta-nav\">&rarr;<\/span><\/a><\/p>\n","protected":false},"author":1,"featured_media":0,"parent":0,"menu_order":0,"comment_status":"closed","ping_status":"closed","template":"","meta":{"_monsterinsights_skip_tracking":false,"_monsterinsights_sitenote_active":false,"_monsterinsights_sitenote_note":"","_monsterinsights_sitenote_category":0,"ngg_post_thumbnail":0,"footnotes":""},"class_list":["post-19","page","type-page","status-publish","hentry"],"_links":{"self":[{"href":"https:\/\/location-appartement-vacances-mer-golf.com\/index.php?rest_route=\/wp\/v2\/pages\/19","targetHints":{"allow":["GET"]}}],"collection":[{"href":"https:\/\/location-appartement-vacances-mer-golf.com\/index.php?rest_route=\/wp\/v2\/pages"}],"about":[{"href":"https:\/\/location-appartement-vacances-mer-golf.com\/index.php?rest_route=\/wp\/v2\/types\/page"}],"author":[{"embeddable":true,"href":"https:\/\/location-appartement-vacances-mer-golf.com\/index.php?rest_route=\/wp\/v2\/users\/1"}],"replies":[{"embeddable":true,"href":"https:\/\/location-appartement-vacances-mer-golf.com\/index.php?rest_route=%2Fwp%2Fv2%2Fcomments&post=19"}],"version-history":[{"count":51,"href":"https:\/\/location-appartement-vacances-mer-golf.com\/index.php?rest_route=\/wp\/v2\/pages\/19\/revisions"}],"predecessor-version":[{"id":492,"href":"https:\/\/location-appartement-vacances-mer-golf.com\/index.php?rest_route=\/wp\/v2\/pages\/19\/revisions\/492"}],"wp:attachment":[{"href":"https:\/\/location-appartement-vacances-mer-golf.com\/index.php?rest_route=%2Fwp%2Fv2%2Fmedia&parent=19"}],"curies":[{"name":"wp","href":"https:\/\/api.w.org\/{rel}","templated":true}]}}