{"id":169,"date":"2014-02-17T10:32:57","date_gmt":"2014-02-17T10:32:57","guid":{"rendered":"http:\/\/location-appartement-vacances-mer-golf.com\/?page_id=169"},"modified":"2014-02-19T09:40:05","modified_gmt":"2014-02-19T09:40:05","slug":"mer","status":"publish","type":"page","link":"https:\/\/location-appartement-vacances-mer-golf.com\/?page_id=169","title":{"rendered":"Mer"},"content":{"rendered":"<p>Les Sables d&rsquo;Olonne est situ\u00e9 dans la r\u00e9gion du Pays de la Loire .C&rsquo;est une destination touristique d&rsquo;envergure gr\u00e2ce au Vend\u00e9e Globe (tour du monde \u00e0 la voile). Aujourd&rsquo;hui elle compte parmi les destinations touristiques phares du d\u00e9partement de la Vend\u00e9e .<\/p>\n<ul>\n<li><a href=\"http:\/\/www.lessablesdolonne-tourisme.com\">Le site de la ville des sables d&rsquo;olonne<\/a><\/li>\n<\/ul>\n<p><a href=\"https:\/\/location-appartement-vacances-mer-golf.com\/wp-content\/uploads\/2014\/02\/ramblais.jpg\"><img loading=\"lazy\" decoding=\"async\" class=\"alignnone size-medium wp-image-239\" alt=\"ramblais\" src=\"https:\/\/location-appartement-vacances-mer-golf.com\/wp-content\/uploads\/2014\/02\/ramblais-300x156.jpg\" width=\"300\" height=\"156\" srcset=\"https:\/\/location-appartement-vacances-mer-golf.com\/wp-content\/uploads\/2014\/02\/ramblais-300x156.jpg 300w, https:\/\/location-appartement-vacances-mer-golf.com\/wp-content\/uploads\/2014\/02\/ramblais.jpg 311w\" sizes=\"auto, (max-width: 300px) 100vw, 300px\" \/><\/a><\/p>\n<p>La grande plage des sables d&rsquo;Olonne, on dit d&rsquo;elle qu&rsquo;elle est \u00ab la plus belle plage d&rsquo;Europe. \u00bb On y vient des quatre coins du globe pour la d\u00e9couvrir. Elle s&rsquo;\u00e9tend l\u00e0, face au remblai, sur pr\u00e8s de 3 km. Une immense \u00e9tendue de sable fin o\u00f9 il fait bon s&rsquo;\u00e9tendre pour prendre le soleil et se faire dorer la pilule.<\/p>\n<p><a href=\"https:\/\/location-appartement-vacances-mer-golf.com\/wp-content\/uploads\/2014\/02\/nuit.jpg\"><img loading=\"lazy\" decoding=\"async\" class=\"alignnone size-full wp-image-238\" alt=\"nuit\" src=\"https:\/\/location-appartement-vacances-mer-golf.com\/wp-content\/uploads\/2014\/02\/nuit.jpg\" width=\"275\" height=\"183\" \/><\/a><\/p>\n<p><a href=\"https:\/\/location-appartement-vacances-mer-golf.com\/wp-content\/uploads\/2014\/02\/verre.jpg\"><img loading=\"lazy\" decoding=\"async\" class=\"alignnone size-full wp-image-240\" alt=\"verre\" src=\"https:\/\/location-appartement-vacances-mer-golf.com\/wp-content\/uploads\/2014\/02\/verre.jpg\" width=\"260\" height=\"194\" \/><\/a><\/p>\n<p>La c\u00f4te sauvage s&rsquo;\u00e9tend sur pr\u00e8s de 11km et si l&rsquo;on d\u00e9marre la balade \u00e0 la sortie des Sables, on peut atterrir au Port du Bourgenay apr\u00e8s une petite heure de marche. La promenade est grandiose, surtout quand la mer se d\u00e9cha\u00eene et vient frapper les falaises dans un grand fracas sonore et mousseux ! Vous longez toute la c\u00f4te par des petits chemins de terre ou de sable, qui serpentent entre les pins, les buissons \u00e9pineux, les m\u00fbriers, et les petites criques de galets. A la moiti\u00e9 du chemin, vous pourrez faire une pause au Vivier de la Mine pour admirer les aquariums de tourteaux, de homards ou de langoustes, les raies ou autres poissons tout frais et pourquoi pas rapporter un ou deux sacs de fruits de mer pour le diner !<\/p>\n<p><a href=\"https:\/\/location-appartement-vacances-mer-golf.com\/wp-content\/uploads\/2014\/02\/imagesE42FLF3A.jpg\"><img loading=\"lazy\" decoding=\"async\" class=\"alignnone size-full wp-image-236\" alt=\"imagesE42FLF3A\" src=\"https:\/\/location-appartement-vacances-mer-golf.com\/wp-content\/uploads\/2014\/02\/imagesE42FLF3A.jpg\" width=\"256\" height=\"169\" \/><\/a><\/p>\n<p><a href=\"https:\/\/location-appartement-vacances-mer-golf.com\/wp-content\/uploads\/2014\/02\/Kitesurf41.jpg\"><img loading=\"lazy\" decoding=\"async\" class=\"alignnone size-medium wp-image-237\" alt=\"Kitesurf4[1]\" src=\"https:\/\/location-appartement-vacances-mer-golf.com\/wp-content\/uploads\/2014\/02\/Kitesurf41-300x200.jpg\" width=\"300\" height=\"200\" srcset=\"https:\/\/location-appartement-vacances-mer-golf.com\/wp-content\/uploads\/2014\/02\/Kitesurf41-300x200.jpg 300w, https:\/\/location-appartement-vacances-mer-golf.com\/wp-content\/uploads\/2014\/02\/Kitesurf41-1024x682.jpg 1024w, https:\/\/location-appartement-vacances-mer-golf.com\/wp-content\/uploads\/2014\/02\/Kitesurf41.jpg 1600w\" sizes=\"auto, (max-width: 300px) 100vw, 300px\" \/><\/a><\/p>\n","protected":false},"excerpt":{"rendered":"<p>Les Sables d&rsquo;Olonne est situ\u00e9 dans la r\u00e9gion du Pays de la Loire .C&rsquo;est une destination touristique d&rsquo;envergure gr\u00e2ce au Vend\u00e9e Globe (tour du monde \u00e0 la voile). Aujourd&rsquo;hui elle compte parmi les destinations touristiques phares du d\u00e9partement de la Vend\u00e9e . Le site de la ville des sables d&rsquo;olonne La grande plage des sables &hellip; <a href=\"https:\/\/location-appartement-vacances-mer-golf.com\/?page_id=169\" class=\"more-link\">Continuer la lecture de <span class=\"screen-reader-text\">Mer<\/span>  <span class=\"meta-nav\">&rarr;<\/span><\/a><\/p>\n","protected":false},"author":2,"featured_media":0,"parent":0,"menu_order":3,"comment_status":"closed","ping_status":"closed","template":"","meta":{"_monsterinsights_skip_tracking":false,"_monsterinsights_sitenote_active":false,"_monsterinsights_sitenote_note":"","_monsterinsights_sitenote_category":0,"ngg_post_thumbnail":0,"footnotes":""},"class_list":["post-169","page","type-page","status-publish","hentry"],"_links":{"self":[{"href":"https:\/\/location-appartement-vacances-mer-golf.com\/index.php?rest_route=\/wp\/v2\/pages\/169","targetHints":{"allow":["GET"]}}],"collection":[{"href":"https:\/\/location-appartement-vacances-mer-golf.com\/index.php?rest_route=\/wp\/v2\/pages"}],"about":[{"href":"https:\/\/location-appartement-vacances-mer-golf.com\/index.php?rest_route=\/wp\/v2\/types\/page"}],"author":[{"embeddable":true,"href":"https:\/\/location-appartement-vacances-mer-golf.com\/index.php?rest_route=\/wp\/v2\/users\/2"}],"replies":[{"embeddable":true,"href":"https:\/\/location-appartement-vacances-mer-golf.com\/index.php?rest_route=%2Fwp%2Fv2%2Fcomments&post=169"}],"version-history":[{"count":11,"href":"https:\/\/location-appartement-vacances-mer-golf.com\/index.php?rest_route=\/wp\/v2\/pages\/169\/revisions"}],"predecessor-version":[{"id":305,"href":"https:\/\/location-appartement-vacances-mer-golf.com\/index.php?rest_route=\/wp\/v2\/pages\/169\/revisions\/305"}],"wp:attachment":[{"href":"https:\/\/location-appartement-vacances-mer-golf.com\/index.php?rest_route=%2Fwp%2Fv2%2Fmedia&parent=169"}],"curies":[{"name":"wp","href":"https:\/\/api.w.org\/{rel}","templated":true}]}}