{"id":166,"date":"2014-02-17T10:29:44","date_gmt":"2014-02-17T10:29:44","guid":{"rendered":"http:\/\/location-appartement-vacances-mer-golf.com\/?page_id=166"},"modified":"2014-04-10T14:29:37","modified_gmt":"2014-04-10T14:29:37","slug":"golf","status":"publish","type":"page","link":"https:\/\/location-appartement-vacances-mer-golf.com\/?page_id=166","title":{"rendered":"Golf"},"content":{"rendered":"<p><a href=\"https:\/\/location-appartement-vacances-mer-golf.com\/wp-content\/uploads\/2014\/02\/header_droite211.jpg\"><img loading=\"lazy\" decoding=\"async\" class=\"alignnone size-medium wp-image-218\" alt=\"header_droite2[1]\" src=\"https:\/\/location-appartement-vacances-mer-golf.com\/wp-content\/uploads\/2014\/02\/header_droite211-300x100.jpg\" width=\"300\" height=\"100\" srcset=\"https:\/\/location-appartement-vacances-mer-golf.com\/wp-content\/uploads\/2014\/02\/header_droite211-300x100.jpg 300w, https:\/\/location-appartement-vacances-mer-golf.com\/wp-content\/uploads\/2014\/02\/header_droite211-672x226.jpg 672w, https:\/\/location-appartement-vacances-mer-golf.com\/wp-content\/uploads\/2014\/02\/header_droite211.jpg 673w\" sizes=\"auto, (max-width: 300px) 100vw, 300px\" \/><\/a><\/p>\n<ul>\n<li><a href=\"http:\/\/www.golfbourgenay.com\/\" target=\"_blank\">Golf club de Port Bourgenay <\/a><\/li>\n<\/ul>\n<p>C&rsquo;est l&rsquo;un des plus beaux parcours de la Vend\u00e9e. Vous aurez la vue de l&rsquo;Oc\u00e9an Atlantique sur de nombreux trous. Tr\u00e8s agr\u00e9able \u00e0 jouer, les joueurs de tous index trouveront leur plaisir. C&rsquo;est un parcours technique qui peut devenir redoutable lorsque le vent du large souffle. Heureusement le site b\u00e9n\u00e9ficie d&rsquo;un climat et d&rsquo;un ensoleillement qui n&rsquo;a rien \u00e0 envier \u00e0 la C\u00f4te d&rsquo;Azur<\/p>\n<p><a href=\"https:\/\/location-appartement-vacances-mer-golf.com\/wp-content\/uploads\/2014\/02\/golf_port_bourgenay1.jpg\"><img loading=\"lazy\" decoding=\"async\" class=\"alignnone size-full wp-image-234\" alt=\"golf_port_bourgenay[1]\" src=\"https:\/\/location-appartement-vacances-mer-golf.com\/wp-content\/uploads\/2014\/02\/golf_port_bourgenay1.jpg\" width=\"300\" height=\"190\" \/><\/a><\/p>\n<p><a href=\"https:\/\/location-appartement-vacances-mer-golf.com\/wp-content\/uploads\/2014\/02\/plan_parcours1.jpg\"><img loading=\"lazy\" decoding=\"async\" class=\"alignnone size-medium wp-image-221\" alt=\"plan_parcours[1]\" src=\"https:\/\/location-appartement-vacances-mer-golf.com\/wp-content\/uploads\/2014\/02\/plan_parcours1-181x300.jpg\" width=\"181\" height=\"300\" srcset=\"https:\/\/location-appartement-vacances-mer-golf.com\/wp-content\/uploads\/2014\/02\/plan_parcours1-181x300.jpg 181w, https:\/\/location-appartement-vacances-mer-golf.com\/wp-content\/uploads\/2014\/02\/plan_parcours1.jpg 300w\" sizes=\"auto, (max-width: 181px) 100vw, 181px\" \/><\/a><\/p>\n<p>En bordure de mer, le golf de Port Bourgenay poss\u00e8de deux parcours 18 trous, l\u2019un de championnat, combinant de fa\u00e7on in\u00e9dite ambiance marine, for\u00eat domaniale et vue plongeante sur le port de plaisance, et l\u2019autre, Pitch &amp; Putt unique en France, permettant aux joueurs de tout niveau de travailler le petit jeu en s\u2019amusant.<\/p>\n<p><a href=\"https:\/\/location-appartement-vacances-mer-golf.com\/wp-content\/uploads\/2014\/04\/images-5.jpg\"><img loading=\"lazy\" decoding=\"async\" class=\"alignnone size-full wp-image-332\" alt=\"images (5)\" src=\"https:\/\/location-appartement-vacances-mer-golf.com\/wp-content\/uploads\/2014\/04\/images-5.jpg\" width=\"232\" height=\"174\" \/><\/a><\/p>\n<p><a href=\"https:\/\/location-appartement-vacances-mer-golf.com\/wp-content\/uploads\/2014\/02\/plan_pitch_putt1.gif\"><img loading=\"lazy\" decoding=\"async\" class=\"alignnone size-medium wp-image-222\" alt=\"plan_pitch_putt[1]\" src=\"https:\/\/location-appartement-vacances-mer-golf.com\/wp-content\/uploads\/2014\/02\/plan_pitch_putt1-300x270.gif\" width=\"300\" height=\"270\" \/><\/a><\/p>\n<p>&nbsp;<\/p>\n<p>Le Club House<\/p>\n<p><a href=\"https:\/\/location-appartement-vacances-mer-golf.com\/wp-content\/uploads\/2014\/02\/imagesZE493RYO.jpg\"><img loading=\"lazy\" decoding=\"async\" class=\"alignnone size-full wp-image-228\" alt=\"imagesZE493RYO\" src=\"https:\/\/location-appartement-vacances-mer-golf.com\/wp-content\/uploads\/2014\/02\/imagesZE493RYO.jpg\" width=\"275\" height=\"183\" \/><\/a><\/p>\n<p>Restaurant du Club House du Golf de Port Bourgenay au d\u00e9part du trou n\u00b01. La salle atypique du Restaurant en demi cercle et une magnifique vue sur le golf.<br \/>\nRestaurant avec grandes verri\u00e8res ouvertes sur le golf<br \/>\nCuisine traditionnelle et locale<br \/>\nVente \u00e0 emporter<br \/>\nMenus enfants<br \/>\nPetit-d\u00e9jeuner, Demi-pension ou Carte Repas : optez pour la formule qui correspond a votre id\u00e9e des vacances !<\/p>\n<p><a href=\"https:\/\/location-appartement-vacances-mer-golf.com\/wp-content\/uploads\/2014\/04\/images-7.jpg\"><img loading=\"lazy\" decoding=\"async\" src=\"https:\/\/location-appartement-vacances-mer-golf.com\/wp-content\/uploads\/2014\/04\/images-7.jpg\" alt=\"images (7)\" width=\"274\" height=\"184\" class=\"alignnone size-full wp-image-347\" \/><\/a><\/p>\n","protected":false},"excerpt":{"rendered":"<p>Golf club de Port Bourgenay C&rsquo;est l&rsquo;un des plus beaux parcours de la Vend\u00e9e. Vous aurez la vue de l&rsquo;Oc\u00e9an Atlantique sur de nombreux trous. Tr\u00e8s agr\u00e9able \u00e0 jouer, les joueurs de tous index trouveront leur plaisir. C&rsquo;est un parcours technique qui peut devenir redoutable lorsque le vent du large souffle. Heureusement le site b\u00e9n\u00e9ficie &hellip; <a href=\"https:\/\/location-appartement-vacances-mer-golf.com\/?page_id=166\" class=\"more-link\">Continuer la lecture de <span class=\"screen-reader-text\">Golf<\/span>  <span class=\"meta-nav\">&rarr;<\/span><\/a><\/p>\n","protected":false},"author":2,"featured_media":0,"parent":0,"menu_order":2,"comment_status":"closed","ping_status":"closed","template":"","meta":{"_monsterinsights_skip_tracking":false,"_monsterinsights_sitenote_active":false,"_monsterinsights_sitenote_note":"","_monsterinsights_sitenote_category":0,"ngg_post_thumbnail":0,"footnotes":""},"class_list":["post-166","page","type-page","status-publish","hentry"],"_links":{"self":[{"href":"https:\/\/location-appartement-vacances-mer-golf.com\/index.php?rest_route=\/wp\/v2\/pages\/166","targetHints":{"allow":["GET"]}}],"collection":[{"href":"https:\/\/location-appartement-vacances-mer-golf.com\/index.php?rest_route=\/wp\/v2\/pages"}],"about":[{"href":"https:\/\/location-appartement-vacances-mer-golf.com\/index.php?rest_route=\/wp\/v2\/types\/page"}],"author":[{"embeddable":true,"href":"https:\/\/location-appartement-vacances-mer-golf.com\/index.php?rest_route=\/wp\/v2\/users\/2"}],"replies":[{"embeddable":true,"href":"https:\/\/location-appartement-vacances-mer-golf.com\/index.php?rest_route=%2Fwp%2Fv2%2Fcomments&post=166"}],"version-history":[{"count":15,"href":"https:\/\/location-appartement-vacances-mer-golf.com\/index.php?rest_route=\/wp\/v2\/pages\/166\/revisions"}],"predecessor-version":[{"id":350,"href":"https:\/\/location-appartement-vacances-mer-golf.com\/index.php?rest_route=\/wp\/v2\/pages\/166\/revisions\/350"}],"wp:attachment":[{"href":"https:\/\/location-appartement-vacances-mer-golf.com\/index.php?rest_route=%2Fwp%2Fv2%2Fmedia&parent=166"}],"curies":[{"name":"wp","href":"https:\/\/api.w.org\/{rel}","templated":true}]}}