{"id":137,"date":"2014-02-14T09:02:53","date_gmt":"2014-02-14T09:02:53","guid":{"rendered":"http:\/\/location-appartement-vacances-mer-golf.com\/?page_id=137"},"modified":"2014-04-10T14:37:31","modified_gmt":"2014-04-10T14:37:31","slug":"liens-divers","status":"publish","type":"page","link":"https:\/\/location-appartement-vacances-mer-golf.com\/?page_id=137","title":{"rendered":"Liens divers"},"content":{"rendered":"<p>Vous trouverez sur cette page diff\u00e9rents liens qui sont susceptibles de vous int\u00e9resser.<\/p>\n<ul>\n<li>Le site de la ville de <a href=\"http:\/\/www.talmont-saint-hilaire.fr\" target=\"_blank\">Talmont Saint Hilaire<\/a><\/li>\n<li><a href=\"http:\/\/www.ot-talmont-bourgenay.com\/\" target=\"_blank\">Office de tourisme<\/a><\/li>\n<li><a href=\"http:\/\/portbourgenay.webcam-mer.com\/\" target=\"_blank\">Webcam du Port<\/a><\/li>\n<li><a href=\"http:\/\/www.golfbourgenay.com\/\" target=\"_blank\">Golf club de Port Bourgenay <\/a><\/li>\n<li><a href=\"http:\/\/www.flyovergreen.com\/aerial-video\/348-golf-de-port-bourgenay\" target=\"_blank\">Vid\u00e9o du Golf club<\/a><\/li>\n<li><a href=\"http:\/\/www.jet-explorer.com\/index.php?page=accueil\" target=\"_blank\">Location de Jet ski<\/a><\/li>\n<li><a href=\"http:\/\/www.aquarium-vendee.com\/\" target=\"_blank\">Aquarium de Talmont Saint Hilaire<\/a><\/li>\n<li><a href=\"http:\/\/www.fruitsdemervendee.fr\/\" target=\"_blank\">Les viviers de la Mine<\/a><\/li>\n<li><a href=\"http:\/\/www.zoodessables.fr\/\" target=\"_blank\">Zoo des Sables<\/a><\/li>\n<\/ul>\n","protected":false},"excerpt":{"rendered":"<p>Vous trouverez sur cette page diff\u00e9rents liens qui sont susceptibles de vous int\u00e9resser. Le site de la ville de Talmont Saint Hilaire Office de tourisme Webcam du Port Golf club de Port Bourgenay Vid\u00e9o du Golf club Location de Jet ski Aquarium de Talmont Saint Hilaire Les viviers de la Mine Zoo des Sables<\/p>\n","protected":false},"author":1,"featured_media":0,"parent":0,"menu_order":12,"comment_status":"closed","ping_status":"closed","template":"","meta":{"_monsterinsights_skip_tracking":false,"_monsterinsights_sitenote_active":false,"_monsterinsights_sitenote_note":"","_monsterinsights_sitenote_category":0,"ngg_post_thumbnail":0,"footnotes":""},"class_list":["post-137","page","type-page","status-publish","hentry"],"_links":{"self":[{"href":"https:\/\/location-appartement-vacances-mer-golf.com\/index.php?rest_route=\/wp\/v2\/pages\/137","targetHints":{"allow":["GET"]}}],"collection":[{"href":"https:\/\/location-appartement-vacances-mer-golf.com\/index.php?rest_route=\/wp\/v2\/pages"}],"about":[{"href":"https:\/\/location-appartement-vacances-mer-golf.com\/index.php?rest_route=\/wp\/v2\/types\/page"}],"author":[{"embeddable":true,"href":"https:\/\/location-appartement-vacances-mer-golf.com\/index.php?rest_route=\/wp\/v2\/users\/1"}],"replies":[{"embeddable":true,"href":"https:\/\/location-appartement-vacances-mer-golf.com\/index.php?rest_route=%2Fwp%2Fv2%2Fcomments&post=137"}],"version-history":[{"count":4,"href":"https:\/\/location-appartement-vacances-mer-golf.com\/index.php?rest_route=\/wp\/v2\/pages\/137\/revisions"}],"predecessor-version":[{"id":355,"href":"https:\/\/location-appartement-vacances-mer-golf.com\/index.php?rest_route=\/wp\/v2\/pages\/137\/revisions\/355"}],"wp:attachment":[{"href":"https:\/\/location-appartement-vacances-mer-golf.com\/index.php?rest_route=%2Fwp%2Fv2%2Fmedia&parent=137"}],"curies":[{"name":"wp","href":"https:\/\/api.w.org\/{rel}","templated":true}]}}